{"id":49440,"date":"2022-03-23T04:51:01","date_gmt":"2022-03-23T08:51:01","guid":{"rendered":"https:\/\/www.junobeach.org\/?page_id=49440"},"modified":"2024-07-26T05:50:54","modified_gmt":"2024-07-26T09:50:54","slug":"participer-a-un-programme-de-recherche-sur-le-changement-climatique-en-normandie","status":"publish","type":"page","link":"https:\/\/www.junobeach.org\/fr\/developpement-durable\/que-fait-on-au-centre-juno-beach\/travailler-en-partenariat-par-groupes-dacteurs\/participer-a-un-programme-de-recherche-sur-le-changement-climatique-en-normandie\/","title":{"rendered":"PARTICIPER \u00c0 UN PROGRAMME DE RECHERCHE SUR LE CHANGEMENT CLIMATIQUE EN NORMANDIE"},"content":{"rendered":"<p><strong>Le projet D-Day Climate Change (DDCC), c\u2019est quoi\u00a0?<\/strong><\/p>\n<p>Il s\u2019agit d\u2019un programme de recherche universitaire qui regroupe les universit\u00e9s de Caen, du Mans, de Nantes, d\u2019Angers et l\u2019Universit\u00e9 du Littoral (Dunkerque). Ce programme de recherche interuniversitaire et interdisciplinaire est soutenu par la Fondation de France. Pendant pr\u00e8s de 3 ans (de janvier 2021 \u00e0 d\u00e9cembre 2023), le projet intitul\u00e9<em>\u00a0D-Day Climate Change \u2013 Tourisme de m\u00e9moire face aux effets du changement climatique : analyse des pratiques et repr\u00e9sentations des Plages du D\u00e9barquement<\/em>,\u00a0se penchera tout particuli\u00e8rement sur les risques encourus par les sites comm\u00e9morant la m\u00e9moire du 6 juin 1944.<\/p>\n<p>Cette d\u00e9marche se veut en compl\u00e9ment de celle initi\u00e9e par le projet\u00a0<a href=\"https:\/\/caenlamer.fr\/notre-littoral-pour-demain\">\u00ab\u00a0Notre littoral pour demain\u00a0\u00bb.\u00a0<\/a><\/p>\n<p><strong>Quels objectifs pour le projet DDCC\u00a0? \u00a0<\/strong><\/p>\n<p>Deux enjeux \u00e0 cette recherche\u00a0:<\/p>\n<ul>\n<li>l\u2019analyse du trait de c\u00f4te sur le littoral ainsi que des risques en termes d\u2019\u00e9rosion, de submersion ou d\u2019inondation pour les sites de m\u00e9moire.<\/li>\n<li>la collecte de donn\u00e9es sous forme d\u2019entretiens ou de questionnaires \u00e0 destination des professionnels du tourisme, des habitants, des touristes ou des usagers.<\/li>\n<\/ul>\n<p>Cette \u00e9tude participative permettra ainsi de mieux saisir les d\u00e9fis environnementaux auxquels les lieux de m\u00e9moire bas normands devront faire face dans un avenir proche. Cette recherche sera \u00e9galement une opportunit\u00e9 pour \u00e9tayer nos connaissances communes de notre territoire et la mani\u00e8re de l\u2019appr\u00e9hender.<\/p>\n<p><strong><u>Les risques environnementaux en images<\/u><\/strong><\/p>\n<p>Depuis quelques ann\u00e9es, les submersions marines, les \u00e9boulements de falaises et les inondations font souvent la Une de l\u2019actualit\u00e9 locale. Ci-dessous, vous pouvez retrouver quelques faits r\u00e9cents.<\/p>\n<p><img loading=\"lazy\" decoding=\"async\" width=\"468\" height=\"298\" class=\"alignnone size-full wp-image-49432\" src=\"https:\/\/www.junobeach.org\/wp-content\/uploads\/2021\/04\/1-1.jpg\" alt=\"\" srcset=\"https:\/\/www.junobeach.org\/wp-content\/uploads\/2021\/04\/1-1.jpg 468w, https:\/\/www.junobeach.org\/wp-content\/uploads\/2021\/04\/1-1-150x96.jpg 150w\" sizes=\"(max-width: 468px) 100vw, 468px\" \/><\/p>\n<p>Berni\u00e8res-sur-mer. F\u00e9vrier 2010. Source : calvados.gouv.fr<\/p>\n<p><img loading=\"lazy\" decoding=\"async\" width=\"479\" height=\"281\" class=\"alignnone size-full wp-image-49434\" src=\"https:\/\/www.junobeach.org\/wp-content\/uploads\/2021\/04\/2-1.jpg\" alt=\"\" srcset=\"https:\/\/www.junobeach.org\/wp-content\/uploads\/2021\/04\/2-1.jpg 479w, https:\/\/www.junobeach.org\/wp-content\/uploads\/2021\/04\/2-1-150x88.jpg 150w\" sizes=\"(max-width: 479px) 100vw, 479px\" \/><\/p>\n<p>Port-en-Bessin. F\u00e9vrier 2021. Source : ouest-France.fr<\/p>\n<p><img loading=\"lazy\" decoding=\"async\" width=\"465\" height=\"263\" class=\"alignnone size-full wp-image-49436\" src=\"https:\/\/www.junobeach.org\/wp-content\/uploads\/2021\/04\/3-1.jpg\" alt=\"\" srcset=\"https:\/\/www.junobeach.org\/wp-content\/uploads\/2021\/04\/3-1.jpg 465w, https:\/\/www.junobeach.org\/wp-content\/uploads\/2021\/04\/3-1-150x85.jpg 150w\" sizes=\"(max-width: 465px) 100vw, 465px\" \/><\/p>\n<p>Courseulles-sur-mer. Ao\u00fbt 2020. Source : ouest-France.fr<\/p>\n<p><strong><u>Changement climatique et risques littoraux : Des pr\u00e9occupations au c\u0153ur de la r\u00e9flexion du CJB<\/u><\/strong><\/p>\n<p>De part sa proximit\u00e9 avec la mer et la Seulles, le CJB a depuis tr\u00e8s longtemps conscience des risques li\u00e9s au changement climatique. En participant au projet DDCC, l\u2019enjeu pour le CJB est ainsi de rentrer dans une d\u00e9marche de r\u00e9flexion commune avec d\u2019autres acteurs du tourisme de m\u00e9moire sur les probl\u00e9matiques qui nous concernent tous aujourd&rsquo;hui. Persuad\u00e9 qu\u2019agir ensemble pour aujourd\u2019hui et pour demain est n\u00e9cessaire, le CJB esp\u00e8re que cette recherche aboutira \u00e0 un outil qui assurera une meilleure connaissance et protection du littoral et des sites de m\u00e9moire.<\/p>\n<p><strong><u>Pour aller plus loin<\/u><\/strong><\/p>\n<p><a href=\"http:\/\/observatoires-littoral.developpement-durable.gouv.fr\/qu-est-ce-que-le-trait-de-cote-r25.html\">Qu\u2019est-ce qu\u2019un trait de c\u00f4te\u00a0?<\/a><\/p>\n<p><a href=\"http:\/\/www.calvados.gouv.fr\/IMG\/pdf\/5_Les_submersions_marines.pdf\">Les submersions marines<\/a><\/p>\n<p><a href=\"https:\/\/www.lci.fr\/environnement-ecologie\/video-montee-des-eaux-voici-en-simulation-3d-a-quoi-pourrait-ressembler-etretat-en-2100-2177461.html\">A quoi ressemblera la Normandie en 2100\u00a0?<\/a><\/p>\n<p><a href=\"https:\/\/www.francetvinfo.fr\/decouverte\/vacances\/calvados-lerosion-rend-la-fermeture-de-la-plage-principale-de-longues-sur-mer-obligatoire_4058767.html\">L\u2019\u00e9rosion provoque la fermeture de la plage principale de Longues-sur-mer<\/a><\/p>\n<p><a href=\"https:\/\/maps.rolnhdf.fr\/portal\/apps\/experiencebuilder\/experience\/?id=d4224981f90c4382afb44a2416b18861\">Le <em>R\u00e9seau d&rsquo;Observation du Littoral de Normandie et des Hauts-de-France\u00a0<\/em>vous propose gr\u00e2ce \u00e0 une carte interactive de visualiser votre littoral et les effets de l\u2019\u00e9rosion<\/a><\/p>\n","protected":false},"excerpt":{"rendered":"Le projet D-Day Climate Change (DDCC), c\u2019est quoi\u00a0? Il s\u2019agit d\u2019un programme de recherche universitaire qui regroupe les universit\u00e9s de Caen, du Mans, de Nantes, d\u2019Angers et l\u2019Universit\u00e9 du Littoral (Dunkerque). Ce programme de recherche interuniversitaire et interdisciplinaire est soutenu par la Fondation de France. Pendant pr\u00e8s de 3 ans (de janvier 2021 \u00e0 d\u00e9cembre&#8230;","protected":false},"author":19,"featured_media":0,"parent":49319,"menu_order":0,"comment_status":"closed","ping_status":"closed","template":"","meta":{"_acf_changed":false,"episode_type":"","audio_file":"","podmotor_file_id":"","podmotor_episode_id":"","cover_image":"","cover_image_id":"","duration":"","filesize":"","filesize_raw":"","date_recorded":"","explicit":"","block":"","footnotes":""},"class_list":["post-49440","page","type-page","status-publish","hentry"],"acf":[],"_links":{"self":[{"href":"https:\/\/www.junobeach.org\/fr\/wp-json\/wp\/v2\/pages\/49440","targetHints":{"allow":["GET"]}}],"collection":[{"href":"https:\/\/www.junobeach.org\/fr\/wp-json\/wp\/v2\/pages"}],"about":[{"href":"https:\/\/www.junobeach.org\/fr\/wp-json\/wp\/v2\/types\/page"}],"author":[{"embeddable":true,"href":"https:\/\/www.junobeach.org\/fr\/wp-json\/wp\/v2\/users\/19"}],"replies":[{"embeddable":true,"href":"https:\/\/www.junobeach.org\/fr\/wp-json\/wp\/v2\/comments?post=49440"}],"version-history":[{"count":2,"href":"https:\/\/www.junobeach.org\/fr\/wp-json\/wp\/v2\/pages\/49440\/revisions"}],"predecessor-version":[{"id":61039,"href":"https:\/\/www.junobeach.org\/fr\/wp-json\/wp\/v2\/pages\/49440\/revisions\/61039"}],"up":[{"embeddable":true,"href":"https:\/\/www.junobeach.org\/fr\/wp-json\/wp\/v2\/pages\/49319"}],"wp:attachment":[{"href":"https:\/\/www.junobeach.org\/fr\/wp-json\/wp\/v2\/media?parent=49440"}],"curies":[{"name":"wp","href":"https:\/\/api.w.org\/{rel}","templated":true}]}}