{"id":46839,"date":"2021-07-12T10:19:02","date_gmt":"2021-07-12T14:19:02","guid":{"rendered":"https:\/\/www.junobeach.org\/?page_id=46839"},"modified":"2021-08-17T09:25:51","modified_gmt":"2021-08-17T13:25:51","slug":"cest-quoi-le-developpement-durable","status":"publish","type":"page","link":"https:\/\/www.junobeach.org\/fr\/developpement-durable\/cest-quoi-le-developpement-durable\/","title":{"rendered":"C&rsquo;est quoi le D\u00e9veloppement Durable ?"},"content":{"rendered":"<p><img loading=\"lazy\" decoding=\"async\" class=\" wp-image-47323 aligncenter\" src=\"https:\/\/www.junobeach.org\/wp-content\/uploads\/2021\/08\/Capture-decran-23.png\" alt=\"\" width=\"2017\" height=\"1425\" srcset=\"https:\/\/www.junobeach.org\/wp-content\/uploads\/2021\/08\/Capture-decran-23.png 1113w, https:\/\/www.junobeach.org\/wp-content\/uploads\/2021\/08\/Capture-decran-23-150x106.png 150w, https:\/\/www.junobeach.org\/wp-content\/uploads\/2021\/08\/Capture-decran-23-768x542.png 768w\" sizes=\"(max-width: 2017px) 100vw, 2017px\" \/><\/p>\n<p>R\u00e9guli\u00e8rement, nous pr\u00e9sentons ici ce qui inspire notre plan d\u2019action en faveur d\u2019un d\u00e9veloppement du tourisme durable, \u00e0 savoir les objectifs nationaux et internationaux, les principes pour r\u00e9duire les Gaz \u00e0 effets de Serres, favoriser une \u00e9conomie circulaire, les principes d&rsquo;une Responsabilit\u00e9 Sociale et Environnementale. Les connaissances que nous avons acquises et que nous souhaitons partager.<\/p>\n","protected":false},"excerpt":{"rendered":"R\u00e9guli\u00e8rement, nous pr\u00e9sentons ici ce qui inspire notre plan d\u2019action en faveur d\u2019un d\u00e9veloppement du tourisme durable, \u00e0 savoir les objectifs nationaux et internationaux, les principes pour r\u00e9duire les Gaz \u00e0 effets de Serres, favoriser une \u00e9conomie circulaire, les principes d&rsquo;une Responsabilit\u00e9 Sociale et Environnementale. Les connaissances que nous avons acquises et que nous souhaitons&#8230;","protected":false},"author":19,"featured_media":0,"parent":43500,"menu_order":0,"comment_status":"closed","ping_status":"closed","template":"template-callouts.php","meta":{"_acf_changed":false,"episode_type":"","audio_file":"","podmotor_file_id":"","podmotor_episode_id":"","cover_image":"","cover_image_id":"","duration":"","filesize":"","filesize_raw":"","date_recorded":"","explicit":"","block":"","footnotes":""},"class_list":["post-46839","page","type-page","status-publish","hentry"],"acf":[],"_links":{"self":[{"href":"https:\/\/www.junobeach.org\/fr\/wp-json\/wp\/v2\/pages\/46839","targetHints":{"allow":["GET"]}}],"collection":[{"href":"https:\/\/www.junobeach.org\/fr\/wp-json\/wp\/v2\/pages"}],"about":[{"href":"https:\/\/www.junobeach.org\/fr\/wp-json\/wp\/v2\/types\/page"}],"author":[{"embeddable":true,"href":"https:\/\/www.junobeach.org\/fr\/wp-json\/wp\/v2\/users\/19"}],"replies":[{"embeddable":true,"href":"https:\/\/www.junobeach.org\/fr\/wp-json\/wp\/v2\/comments?post=46839"}],"version-history":[{"count":0,"href":"https:\/\/www.junobeach.org\/fr\/wp-json\/wp\/v2\/pages\/46839\/revisions"}],"up":[{"embeddable":true,"href":"https:\/\/www.junobeach.org\/fr\/wp-json\/wp\/v2\/pages\/43500"}],"wp:attachment":[{"href":"https:\/\/www.junobeach.org\/fr\/wp-json\/wp\/v2\/media?parent=46839"}],"curies":[{"name":"wp","href":"https:\/\/api.w.org\/{rel}","templated":true}]}}