{"id":46831,"date":"2021-07-12T08:09:43","date_gmt":"2021-07-12T12:09:43","guid":{"rendered":"https:\/\/www.junobeach.org\/?page_id=46831"},"modified":"2025-03-14T06:46:17","modified_gmt":"2025-03-14T10:46:17","slug":"que-fait-on-au-centre-juno-beach","status":"publish","type":"page","link":"https:\/\/www.junobeach.org\/fr\/developpement-durable\/que-fait-on-au-centre-juno-beach\/","title":{"rendered":"TOURISME DURABLE : QUE FAIT-ON AU CENTRE JUNO BEACH ?"},"content":{"rendered":"<p style=\"text-align: center;\"><strong>Retrouvez sur cette page nos bonnes pratiques et petits gestes \u00e0 z\u00e9ro co\u00fbt, nos d\u00e9marches plus ambitieuses et structurantes afin de nous orienter vers un tourisme plus durable.<\/strong><\/p>\n<p>&nbsp;<\/p>\n<p>La d\u00e9marche de d\u00e9veloppement durable du mus\u00e9e s&rsquo;incarne \u00e0 travers <strong>4 piliers<\/strong> d\u2019action :<\/p>\n<ol>\n<li><strong>R\u00e9duire notre empreinte environnementale directe\/indirecte et favoriser l\u2019\u00e9mergence d\u2019une \u00e9conomie circulaire<\/strong><\/li>\n<li><strong>S\u2019engager envers les visiteurs et les collaborateurs<\/strong><\/li>\n<li><strong>Agir pour la biodiversit\u00e9<\/strong><\/li>\n<li><strong>Agir avec les autres<\/strong><\/li>\n<\/ol>\n<p style=\"text-align: center;\">\n","protected":false},"excerpt":{"rendered":"Retrouvez sur cette page nos bonnes pratiques et petits gestes \u00e0 z\u00e9ro co\u00fbt, nos d\u00e9marches plus ambitieuses et structurantes afin de nous orienter vers un tourisme plus durable. &nbsp; La d\u00e9marche de d\u00e9veloppement durable du mus\u00e9e s&rsquo;incarne \u00e0 travers 4 piliers d\u2019action : R\u00e9duire notre empreinte environnementale directe\/indirecte et favoriser l\u2019\u00e9mergence d\u2019une \u00e9conomie circulaire S\u2019engager&#8230;","protected":false},"author":19,"featured_media":0,"parent":43500,"menu_order":0,"comment_status":"closed","ping_status":"closed","template":"template-callouts.php","meta":{"_acf_changed":false,"episode_type":"","audio_file":"","podmotor_file_id":"","podmotor_episode_id":"","cover_image":"","cover_image_id":"","duration":"","filesize":"","filesize_raw":"","date_recorded":"","explicit":"","block":"","footnotes":""},"class_list":["post-46831","page","type-page","status-publish","hentry"],"acf":[],"_links":{"self":[{"href":"https:\/\/www.junobeach.org\/fr\/wp-json\/wp\/v2\/pages\/46831","targetHints":{"allow":["GET"]}}],"collection":[{"href":"https:\/\/www.junobeach.org\/fr\/wp-json\/wp\/v2\/pages"}],"about":[{"href":"https:\/\/www.junobeach.org\/fr\/wp-json\/wp\/v2\/types\/page"}],"author":[{"embeddable":true,"href":"https:\/\/www.junobeach.org\/fr\/wp-json\/wp\/v2\/users\/19"}],"replies":[{"embeddable":true,"href":"https:\/\/www.junobeach.org\/fr\/wp-json\/wp\/v2\/comments?post=46831"}],"version-history":[{"count":3,"href":"https:\/\/www.junobeach.org\/fr\/wp-json\/wp\/v2\/pages\/46831\/revisions"}],"predecessor-version":[{"id":63547,"href":"https:\/\/www.junobeach.org\/fr\/wp-json\/wp\/v2\/pages\/46831\/revisions\/63547"}],"up":[{"embeddable":true,"href":"https:\/\/www.junobeach.org\/fr\/wp-json\/wp\/v2\/pages\/43500"}],"wp:attachment":[{"href":"https:\/\/www.junobeach.org\/fr\/wp-json\/wp\/v2\/media?parent=46831"}],"curies":[{"name":"wp","href":"https:\/\/api.w.org\/{rel}","templated":true}]}}