{"id":27714,"date":"2017-02-07T12:47:35","date_gmt":"2017-02-07T17:47:35","guid":{"rendered":"http:\/\/www.junobeach.org\/fr\/musee\/temporary-exhibitions\/"},"modified":"2022-03-30T15:36:09","modified_gmt":"2022-03-30T19:36:09","slug":"expositions-temporaires","status":"publish","type":"page","link":"https:\/\/www.junobeach.org\/fr\/expositions-temporaires\/","title":{"rendered":"Expositions temporaires"},"content":{"rendered":"<p>Le Centre Juno Beach offre aux visiteurs une meilleure compr\u00e9hension de la contribution du Canada \u00e0 la Seconde Guerre mondiale. Avec une pr\u00e9sentation sur le Canada contemporain, le Centre permet \u00e9galement aux visiteurs d&rsquo;en savoir plus sur les valeurs et la culture canadiennes. Les expositions permanentes et temporaires alternent zones d\u2019\u00e9motion, de r\u00e9flexion, de d\u00e9couverte et de comm\u00e9moration, suscitant ainsi la participation du visiteur.<\/p>\n","protected":false},"excerpt":{"rendered":"Le Centre Juno Beach offre aux visiteurs une meilleure compr\u00e9hension de la contribution du Canada \u00e0 la Seconde Guerre mondiale. Avec une pr\u00e9sentation sur le Canada contemporain, le Centre permet \u00e9galement aux visiteurs d&rsquo;en savoir plus sur les valeurs et la culture canadiennes. Les expositions permanentes et temporaires alternent zones d\u2019\u00e9motion, de r\u00e9flexion, de d\u00e9couverte&#8230;","protected":false},"author":9,"featured_media":67684,"parent":0,"menu_order":1,"comment_status":"closed","ping_status":"closed","template":"exhibitions-temporary.php","meta":{"_acf_changed":false,"episode_type":"","audio_file":"","podmotor_file_id":"","podmotor_episode_id":"","cover_image":"","cover_image_id":"","duration":"","filesize":"","filesize_raw":"","date_recorded":"","explicit":"","block":"","footnotes":""},"class_list":["post-27714","page","type-page","status-publish","has-post-thumbnail","hentry"],"acf":[],"_links":{"self":[{"href":"https:\/\/www.junobeach.org\/fr\/wp-json\/wp\/v2\/pages\/27714","targetHints":{"allow":["GET"]}}],"collection":[{"href":"https:\/\/www.junobeach.org\/fr\/wp-json\/wp\/v2\/pages"}],"about":[{"href":"https:\/\/www.junobeach.org\/fr\/wp-json\/wp\/v2\/types\/page"}],"author":[{"embeddable":true,"href":"https:\/\/www.junobeach.org\/fr\/wp-json\/wp\/v2\/users\/9"}],"replies":[{"embeddable":true,"href":"https:\/\/www.junobeach.org\/fr\/wp-json\/wp\/v2\/comments?post=27714"}],"version-history":[{"count":0,"href":"https:\/\/www.junobeach.org\/fr\/wp-json\/wp\/v2\/pages\/27714\/revisions"}],"wp:featuredmedia":[{"embeddable":true,"href":"https:\/\/www.junobeach.org\/fr\/wp-json\/wp\/v2\/media\/67684"}],"wp:attachment":[{"href":"https:\/\/www.junobeach.org\/fr\/wp-json\/wp\/v2\/media?parent=27714"}],"curies":[{"name":"wp","href":"https:\/\/api.w.org\/{rel}","templated":true}]}}