{"id":12595,"date":"2014-04-02T15:04:26","date_gmt":"2014-04-02T15:04:26","guid":{"rendered":"http:\/\/juno.dev.artscience.ca\/?page_id=12595"},"modified":"2026-04-02T13:06:52","modified_gmt":"2026-04-02T17:06:52","slug":"testing-french","status":"publish","type":"page","link":"https:\/\/www.junobeach.org\/fr\/","title":{"rendered":"Centre Juno Beach"},"content":{"rendered":"<p>Lieu de m\u00e9moire et centre culturel en Normandie, France, le Centre Juno Beach rend hommage aux 45 000 Canadiens qui ont perdu la vie pendant la Seconde Guerre mondiale, dont 5 500 au cours de la Bataille de Normandie et 381 le Jour J. Fond\u00e9 en 2003 par des v\u00e9t\u00e9rans et des b\u00e9n\u00e9voles, il pr\u00e9sente l\u2019effort de guerre civil et militaire de toute la population au Canada et sur les diff\u00e9rents fronts durant la Seconde Guerre mondiale. Sa mission consiste \u00e0 faire conna\u00eetre cette histoire par des actions p\u00e9dagogiques et comm\u00e9moratives.<\/p>\n","protected":false},"excerpt":{"rendered":"Lieu de m\u00e9moire et centre culturel en Normandie, France, le Centre Juno Beach rend hommage aux 45 000 Canadiens qui ont perdu la vie pendant la Seconde Guerre mondiale, dont 5 500 au cours de la Bataille de Normandie et 381 le Jour J. Fond\u00e9 en 2003 par des v\u00e9t\u00e9rans et des b\u00e9n\u00e9voles, il pr\u00e9sente&#8230;","protected":false},"author":9,"featured_media":0,"parent":0,"menu_order":0,"comment_status":"open","ping_status":"open","template":"","meta":{"_acf_changed":false,"episode_type":"","audio_file":"","podmotor_file_id":"","podmotor_episode_id":"","cover_image":"","cover_image_id":"","duration":"","filesize":"","filesize_raw":"","date_recorded":"","explicit":"","block":"","footnotes":""},"class_list":["post-12595","page","type-page","status-publish","hentry"],"acf":[],"_links":{"self":[{"href":"https:\/\/www.junobeach.org\/fr\/wp-json\/wp\/v2\/pages\/12595","targetHints":{"allow":["GET"]}}],"collection":[{"href":"https:\/\/www.junobeach.org\/fr\/wp-json\/wp\/v2\/pages"}],"about":[{"href":"https:\/\/www.junobeach.org\/fr\/wp-json\/wp\/v2\/types\/page"}],"author":[{"embeddable":true,"href":"https:\/\/www.junobeach.org\/fr\/wp-json\/wp\/v2\/users\/9"}],"replies":[{"embeddable":true,"href":"https:\/\/www.junobeach.org\/fr\/wp-json\/wp\/v2\/comments?post=12595"}],"version-history":[{"count":35,"href":"https:\/\/www.junobeach.org\/fr\/wp-json\/wp\/v2\/pages\/12595\/revisions"}],"predecessor-version":[{"id":67891,"href":"https:\/\/www.junobeach.org\/fr\/wp-json\/wp\/v2\/pages\/12595\/revisions\/67891"}],"wp:attachment":[{"href":"https:\/\/www.junobeach.org\/fr\/wp-json\/wp\/v2\/media?parent=12595"}],"curies":[{"name":"wp","href":"https:\/\/api.w.org\/{rel}","templated":true}]}}